{"id":29014,"date":"2022-01-11T14:58:40","date_gmt":"2022-01-11T13:58:40","guid":{"rendered":"https:\/\/octopus.coach\/?page_id=29014"},"modified":"2022-01-12T09:50:42","modified_gmt":"2022-01-12T08:50:42","slug":"confidentialite","status":"publish","type":"page","link":"https:\/\/octopus.coach\/?page_id=29014","title":{"rendered":"confidentialit\u00e9"},"content":{"rendered":"<p>[et_pb_section fb_built=\u00a0\u00bb1&Prime; _builder_version=\u00a0\u00bb4.14.5&Prime; _module_preset=\u00a0\u00bbde965f9a-7c8a-46e7-98ed-4258147e1967&Prime; hover_enabled=\u00a0\u00bb0&Prime; global_colors_info=\u00a0\u00bb{}\u00a0\u00bb sticky_enabled=\u00a0\u00bb0&Prime;][et_pb_row _builder_version=\u00a0\u00bb4.14.5&Prime; _module_preset=\u00a0\u00bbdefault\u00a0\u00bb hover_enabled=\u00a0\u00bb0&Prime; global_colors_info=\u00a0\u00bb{%22gcid-08f95e01-63a5-4aaf-8fe1-3180c6022c84%22:%91%22border_color_all%22%93}\u00a0\u00bb sticky_enabled=\u00a0\u00bb0&Prime; background_color=\u00a0\u00bb#FFFFFF\u00a0\u00bb border_radii=\u00a0\u00bbon|15px|15px|15px|15px\u00a0\u00bb border_width_all=\u00a0\u00bb1px\u00a0\u00bb border_color_all=\u00a0\u00bbgcid-08f95e01-63a5-4aaf-8fe1-3180c6022c84&Prime; custom_padding=\u00a0\u00bb|20px||20px|false|true\u00a0\u00bb][et_pb_column type=\u00a0\u00bb4_4&Prime; _builder_version=\u00a0\u00bb4.14.5&Prime; _module_preset=\u00a0\u00bbdefault\u00a0\u00bb global_colors_info=\u00a0\u00bb{}\u00a0\u00bb][et_pb_text _builder_version=\u00a0\u00bb4.14.5&Prime; _module_preset=\u00a0\u00bbdefault\u00a0\u00bb text_text_color=\u00a0\u00bbgcid-08f95e01-63a5-4aaf-8fe1-3180c6022c84&Prime; header_text_align=\u00a0\u00bbcenter\u00a0\u00bb header_text_color=\u00a0\u00bbgcid-08f95e01-63a5-4aaf-8fe1-3180c6022c84&Prime; header_font_size=\u00a0\u00bb34px\u00a0\u00bb header_text_shadow_style=\u00a0\u00bbpreset1&Prime; global_colors_info=\u00a0\u00bb{%22gcid-91128003-6173-40d5-a11a-53eb5a8f9872%22:%91%22text_text_color%22,%22header_2_text_color%22,%22header_2_text_color%22,%22header_2_text_color%22%93,%22gcid-90197da2-dcf7-464c-8683-caaf223ad429%22:%91%22header_text_shadow_color%22,%22header_text_shadow_color%22,%22header_text_shadow_color%22%93,%22gcid-08f95e01-63a5-4aaf-8fe1-3180c6022c84%22:%91%22text_text_color%22,%22header_text_color%22%93}\u00a0\u00bb]<\/p>\n<h1>Politique de confidentialit\u00e9<\/h1>\n<p>[\/et_pb_text][et_pb_text _builder_version=\u00a0\u00bb4.14.5&Prime; _module_preset=\u00a0\u00bbdefault\u00a0\u00bb hover_enabled=\u00a0\u00bb0&Prime; global_colors_info=\u00a0\u00bb{}\u00a0\u00bb sticky_enabled=\u00a0\u00bb0&Prime;]<\/p>\n<h2>1. INTRODUCTION<\/h2>\n<p>La protection des donn\u00e9es est une question de confiance, et votre confiance est tr\u00e8s importante pour nous. Nous respectons votre vie priv\u00e9e et votre personnalit\u00e9. De ce fait, la protection de vos donn\u00e9es personnelles est une pr\u00e9occupation essentielle pour nous. Nous communiquons la pr\u00e9sente d\u00e9claration de confidentialit\u00e9 pour vous aider \u00e0 comprendre ce que nous pouvons faire avec des donn\u00e9es personnelles que nous obtenons par vos soins.<\/p>\n<p>En nous fournissant vos donn\u00e9es personnelles, vous signifiez votre acceptation de notre d\u00e9claration de confidentialit\u00e9 et convenez que nous pouvons collecter et utiliser vos donn\u00e9es personnelles tel que d\u00e9crit dans la pr\u00e9sente d\u00e9claration de confidentialit\u00e9. Si vous n\u2019avalisez pas cette d\u00e9claration, veuillez ne pas nous communiquer vos coordonn\u00e9es.<\/p>\n<p>Nous pouvons avoir besoin de mettre p\u00e9riodiquement \u00e0 jour la pr\u00e9sente d\u00e9claration de confidentialit\u00e9. Nous vous recommandons de v\u00e9rifier cette page r\u00e9guli\u00e8rement pour vous assurer d\u2019avoir lu la version la plus r\u00e9cente.<\/p>\n<p>Date de derni\u00e8re r\u00e9vision : 01.01.2022<\/p>\n<h2>2. D\u00c9FINITION DES DONN\u00c9ES PERSONNELLES<\/h2>\n<p>Les donn\u00e9es personnelles sont toutes les informations qui se rapportent \u00e0 une personne identifi\u00e9e ou identifiable.<\/p>\n<h2>3. COLLECTE DES DONN\u00c9ES PERSONNELLES<\/h2>\n<p>La communication \u00e0 notre \u00e9gard de donn\u00e9es personnelles est votre choix. Nous ne collecterons que des donn\u00e9es personnelles que vous choisissez de transmettre. Dans certains cas, nous pouvons vous donner le choix de s\u00e9lectionner si vous aimeriez recevoir des informations de notre part ou de tiers de confiance (en choisissant par exemple de vous inscrire ou non \u00e0 notre newsletter).<\/p>\n<p>Vous pouvez nous communiquer des donn\u00e9es personnelles si vous nous contactez par exemple par le biais du formulaire de contact.<\/p>\n<p>En nous communiquant des donn\u00e9es personnelles, vous comprenez totalement et consentez clairement \u00e0 la collecte et au traitement desdites donn\u00e9es personnelles. De tels traitements r\u00e9alis\u00e9s par nos soins seront conformes \u00e0 la pr\u00e9sente d\u00e9claration de confidentialit\u00e9.<\/p>\n<h2>4. UTILISATION DE DONN\u00c9ES PERSONNELLES<\/h2>\n<p>Nous accordons une grande importance \u00e0 la protection des donn\u00e9es. C\u2019est pourquoi nous observons strictement les prescriptions l\u00e9gales de la loi f\u00e9d\u00e9rale sur la protection des donn\u00e9es lors de la collecte, du traitement et de l\u2019utilisation de vos donn\u00e9es personnelles.<\/p>\n<p>Nous collectons, enregistrons et traitons vos donn\u00e9es uniquement pour le traitement complet de vos demande.<\/p>\n<h2>5. DIVULGATION DE DONN\u00c9ES PERSONNELLES<\/h2>\n<p>Nous ne transmettons pas vos donn\u00e9es personnelles \u00e0 des tiers. Jamais.<\/p>\n<h2>6. S\u00c9CURIT\u00c9<\/h2>\n<p>Vos donn\u00e9es personnelles sont transmises en toute s\u00e9curit\u00e9 gr\u00e2ce \u00e0 un codage. Nous utilisons le syst\u00e8me de codage SSL (Secure Socket Layer). Personne ne peut garantir une protection absolue. Cependant, nous prot\u00e9geons notre site web et nos autres syst\u00e8mes par des mesures techniques et organisationnelles contre la perte, la destruction, l\u2019acc\u00e8s, la modification et la diffusion de vos donn\u00e9es par des personnes non autoris\u00e9es.<\/p>\n<h2>7. UTILISATION DE COOKIES<\/h2>\n<p>Afin notamment de rendre l\u2019utilisation du site plus agr\u00e9able, des cookies ou d\u2019autres t\u00e9moins sont utilis\u00e9s et susceptibles d\u2019enregistrer automatiquement des informations personnelles.<\/p>\n<h2>8. INFORMATION DU PUBLIC SUR LES MOYENS DE CONTR\u00d4LER SES TRACES<\/h2>\n<p>Nous informons les internautes que les versions r\u00e9centes des principaux navigateurs permettent non seulement de s\u2019opposer \u00e0 l\u2019enregistrement de cookies mais \u00e9galement d\u2019effectuer des sessions de navigation \u00e0 l\u2019issue desquelles tous les cookies install\u00e9s lors de cette session sont automatiquement effac\u00e9s ind\u00e9pendamment de leur dur\u00e9e de vie pr\u00e9vue, offrant ainsi une meilleure protection des traces.<\/p>\n<p>Vous pouvez obtenir des informations sur la fa\u00e7on de g\u00e9rer les cookies \u00e0 l\u2019adresse www.aboutcookies.org.<\/p>\n<h2>9. DROIT D\u2019ACC\u00c8S ET DE RECTIFICATION<\/h2>\n<p>Conform\u00e9ment \u00e0 la loi f\u00e9d\u00e9rale sur la protection des donn\u00e9es, vous disposez d\u2019un droit d\u2019information, d\u2019opposition, d\u2019acc\u00e8s et de rectification des donn\u00e9es vous concernant.<\/p>\n<p>En cons\u00e9quence, vous avez le droit d\u2019exiger que soient rectifi\u00e9es, compl\u00e9t\u00e9es, clarifi\u00e9es, mises \u00e0 jour ou effac\u00e9es, les informations vous concernant qui seraient inexactes, incompl\u00e8tes, \u00e9quivoques ou p\u00e9rim\u00e9es.<\/p>\n<p>Ce droit pourra s\u2019exercer via le <a href=\"https:\/\/octopus.coach\/#contact\">formulaire de contact du site<\/a>.<\/p>\n<h2>10. BASES L\u00c9GALES<\/h2>\n<p>La pr\u00e9sente d\u00e9claration de confidentialit\u00e9 repose exclusivement sur la loi f\u00e9d\u00e9rale sur la protection des donn\u00e9es (LPD).<\/p>\n<h2>11. CONTACT \/ SERVICE CLIENTS<\/h2>\n<p>Pour tout renseignement, vous pouvez nous adresser directement votre demande au travers du formulaire de <a href=\"index.php#contact\">contact<\/a>.<\/p>\n<p>[\/et_pb_text][\/et_pb_column][\/et_pb_row][\/et_pb_section]<\/p>\n","protected":false},"excerpt":{"rendered":"<p>Politique de confidentialit\u00e91. INTRODUCTION La protection des donn\u00e9es est une question de confiance, et votre confiance est tr\u00e8s importante pour nous. Nous respectons votre vie priv\u00e9e et votre personnalit\u00e9. De ce fait, la protection de vos donn\u00e9es personnelles est une pr\u00e9occupation essentielle pour nous. Nous communiquons la pr\u00e9sente d\u00e9claration de confidentialit\u00e9 pour vous aider \u00e0 [&hellip;]<\/p>\n","protected":false},"author":1,"featured_media":0,"parent":0,"menu_order":0,"comment_status":"closed","ping_status":"closed","template":"","meta":{"_et_pb_use_builder":"on","_et_pb_old_content":"","_et_gb_content_width":"","footnotes":""},"class_list":["post-29014","page","type-page","status-publish","hentry"],"yoast_head":"<!-- This site is optimized with the Yoast SEO plugin v26.9 - https:\/\/yoast.com\/product\/yoast-seo-wordpress\/ -->\n<title>confidentialit\u00e9 - octopus.coach<\/title>\n<meta name=\"robots\" content=\"index, follow, max-snippet:-1, max-image-preview:large, max-video-preview:-1\" \/>\n<link rel=\"canonical\" href=\"https:\/\/octopus.coach\/?page_id=29014\" \/>\n<meta property=\"og:locale\" content=\"fr_FR\" \/>\n<meta property=\"og:type\" content=\"article\" \/>\n<meta property=\"og:title\" content=\"confidentialit\u00e9 - octopus.coach\" \/>\n<meta property=\"og:description\" content=\"Politique de confidentialit\u00e91. INTRODUCTION La protection des donn\u00e9es est une question de confiance, et votre confiance est tr\u00e8s importante pour nous. Nous respectons votre vie priv\u00e9e et votre personnalit\u00e9. De ce fait, la protection de vos donn\u00e9es personnelles est une pr\u00e9occupation essentielle pour nous. Nous communiquons la pr\u00e9sente d\u00e9claration de confidentialit\u00e9 pour vous aider \u00e0 [&hellip;]\" \/>\n<meta property=\"og:url\" content=\"https:\/\/octopus.coach\/?page_id=29014\" \/>\n<meta property=\"og:site_name\" content=\"octopus.coach\" \/>\n<meta property=\"article:publisher\" content=\"https:\/\/www.facebook.com\/octopus.coach\" \/>\n<meta property=\"article:modified_time\" content=\"2022-01-12T08:50:42+00:00\" \/>\n<meta name=\"twitter:card\" content=\"summary_large_image\" \/>\n<meta name=\"twitter:label1\" content=\"Dur\u00e9e de lecture estim\u00e9e\" \/>\n\t<meta name=\"twitter:data1\" content=\"5 minutes\" \/>\n<script type=\"application\/ld+json\" class=\"yoast-schema-graph\">{\"@context\":\"https:\/\/schema.org\",\"@graph\":[{\"@type\":\"WebPage\",\"@id\":\"https:\/\/octopus.coach\/?page_id=29014\",\"url\":\"https:\/\/octopus.coach\/?page_id=29014\",\"name\":\"confidentialit\u00e9 - octopus.coach\",\"isPartOf\":{\"@id\":\"https:\/\/octopus.coach\/#website\"},\"datePublished\":\"2022-01-11T13:58:40+00:00\",\"dateModified\":\"2022-01-12T08:50:42+00:00\",\"breadcrumb\":{\"@id\":\"https:\/\/octopus.coach\/?page_id=29014#breadcrumb\"},\"inLanguage\":\"fr-FR\",\"potentialAction\":[{\"@type\":\"ReadAction\",\"target\":[\"https:\/\/octopus.coach\/?page_id=29014\"]}]},{\"@type\":\"BreadcrumbList\",\"@id\":\"https:\/\/octopus.coach\/?page_id=29014#breadcrumb\",\"itemListElement\":[{\"@type\":\"ListItem\",\"position\":1,\"name\":\"Accueil\",\"item\":\"https:\/\/octopus.coach\/\"},{\"@type\":\"ListItem\",\"position\":2,\"name\":\"confidentialit\u00e9\"}]},{\"@type\":\"WebSite\",\"@id\":\"https:\/\/octopus.coach\/#website\",\"url\":\"https:\/\/octopus.coach\/\",\"name\":\"octopus.coach\",\"description\":\"\",\"publisher\":{\"@id\":\"https:\/\/octopus.coach\/#organization\"},\"potentialAction\":[{\"@type\":\"SearchAction\",\"target\":{\"@type\":\"EntryPoint\",\"urlTemplate\":\"https:\/\/octopus.coach\/?s={search_term_string}\"},\"query-input\":{\"@type\":\"PropertyValueSpecification\",\"valueRequired\":true,\"valueName\":\"search_term_string\"}}],\"inLanguage\":\"fr-FR\"},{\"@type\":\"Organization\",\"@id\":\"https:\/\/octopus.coach\/#organization\",\"name\":\"octopus.coach\",\"url\":\"https:\/\/octopus.coach\/\",\"logo\":{\"@type\":\"ImageObject\",\"inLanguage\":\"fr-FR\",\"@id\":\"https:\/\/octopus.coach\/#\/schema\/logo\/image\/\",\"url\":\"https:\/\/octopus.coach\/wp-content\/uploads\/2022\/01\/logo_fondblanc_S.png\",\"contentUrl\":\"https:\/\/octopus.coach\/wp-content\/uploads\/2022\/01\/logo_fondblanc_S.png\",\"width\":512,\"height\":405,\"caption\":\"octopus.coach\"},\"image\":{\"@id\":\"https:\/\/octopus.coach\/#\/schema\/logo\/image\/\"},\"sameAs\":[\"https:\/\/www.facebook.com\/octopus.coach\",\"https:\/\/www.instagram.com\/octopus_coach\/\"]}]}<\/script>\n<!-- \/ Yoast SEO plugin. -->","yoast_head_json":{"title":"confidentialit\u00e9 - octopus.coach","robots":{"index":"index","follow":"follow","max-snippet":"max-snippet:-1","max-image-preview":"max-image-preview:large","max-video-preview":"max-video-preview:-1"},"canonical":"https:\/\/octopus.coach\/?page_id=29014","og_locale":"fr_FR","og_type":"article","og_title":"confidentialit\u00e9 - octopus.coach","og_description":"Politique de confidentialit\u00e91. INTRODUCTION La protection des donn\u00e9es est une question de confiance, et votre confiance est tr\u00e8s importante pour nous. Nous respectons votre vie priv\u00e9e et votre personnalit\u00e9. De ce fait, la protection de vos donn\u00e9es personnelles est une pr\u00e9occupation essentielle pour nous. Nous communiquons la pr\u00e9sente d\u00e9claration de confidentialit\u00e9 pour vous aider \u00e0 [&hellip;]","og_url":"https:\/\/octopus.coach\/?page_id=29014","og_site_name":"octopus.coach","article_publisher":"https:\/\/www.facebook.com\/octopus.coach","article_modified_time":"2022-01-12T08:50:42+00:00","twitter_card":"summary_large_image","twitter_misc":{"Dur\u00e9e de lecture estim\u00e9e":"5 minutes"},"schema":{"@context":"https:\/\/schema.org","@graph":[{"@type":"WebPage","@id":"https:\/\/octopus.coach\/?page_id=29014","url":"https:\/\/octopus.coach\/?page_id=29014","name":"confidentialit\u00e9 - octopus.coach","isPartOf":{"@id":"https:\/\/octopus.coach\/#website"},"datePublished":"2022-01-11T13:58:40+00:00","dateModified":"2022-01-12T08:50:42+00:00","breadcrumb":{"@id":"https:\/\/octopus.coach\/?page_id=29014#breadcrumb"},"inLanguage":"fr-FR","potentialAction":[{"@type":"ReadAction","target":["https:\/\/octopus.coach\/?page_id=29014"]}]},{"@type":"BreadcrumbList","@id":"https:\/\/octopus.coach\/?page_id=29014#breadcrumb","itemListElement":[{"@type":"ListItem","position":1,"name":"Accueil","item":"https:\/\/octopus.coach\/"},{"@type":"ListItem","position":2,"name":"confidentialit\u00e9"}]},{"@type":"WebSite","@id":"https:\/\/octopus.coach\/#website","url":"https:\/\/octopus.coach\/","name":"octopus.coach","description":"","publisher":{"@id":"https:\/\/octopus.coach\/#organization"},"potentialAction":[{"@type":"SearchAction","target":{"@type":"EntryPoint","urlTemplate":"https:\/\/octopus.coach\/?s={search_term_string}"},"query-input":{"@type":"PropertyValueSpecification","valueRequired":true,"valueName":"search_term_string"}}],"inLanguage":"fr-FR"},{"@type":"Organization","@id":"https:\/\/octopus.coach\/#organization","name":"octopus.coach","url":"https:\/\/octopus.coach\/","logo":{"@type":"ImageObject","inLanguage":"fr-FR","@id":"https:\/\/octopus.coach\/#\/schema\/logo\/image\/","url":"https:\/\/octopus.coach\/wp-content\/uploads\/2022\/01\/logo_fondblanc_S.png","contentUrl":"https:\/\/octopus.coach\/wp-content\/uploads\/2022\/01\/logo_fondblanc_S.png","width":512,"height":405,"caption":"octopus.coach"},"image":{"@id":"https:\/\/octopus.coach\/#\/schema\/logo\/image\/"},"sameAs":["https:\/\/www.facebook.com\/octopus.coach","https:\/\/www.instagram.com\/octopus_coach\/"]}]}},"_links":{"self":[{"href":"https:\/\/octopus.coach\/index.php?rest_route=\/wp\/v2\/pages\/29014","targetHints":{"allow":["GET"]}}],"collection":[{"href":"https:\/\/octopus.coach\/index.php?rest_route=\/wp\/v2\/pages"}],"about":[{"href":"https:\/\/octopus.coach\/index.php?rest_route=\/wp\/v2\/types\/page"}],"author":[{"embeddable":true,"href":"https:\/\/octopus.coach\/index.php?rest_route=\/wp\/v2\/users\/1"}],"replies":[{"embeddable":true,"href":"https:\/\/octopus.coach\/index.php?rest_route=%2Fwp%2Fv2%2Fcomments&post=29014"}],"version-history":[{"count":5,"href":"https:\/\/octopus.coach\/index.php?rest_route=\/wp\/v2\/pages\/29014\/revisions"}],"predecessor-version":[{"id":29051,"href":"https:\/\/octopus.coach\/index.php?rest_route=\/wp\/v2\/pages\/29014\/revisions\/29051"}],"wp:attachment":[{"href":"https:\/\/octopus.coach\/index.php?rest_route=%2Fwp%2Fv2%2Fmedia&parent=29014"}],"curies":[{"name":"wp","href":"https:\/\/api.w.org\/{rel}","templated":true}]}}